{"id":16159,"date":"2026-04-06T19:54:34","date_gmt":"2026-04-06T18:54:34","guid":{"rendered":"https:\/\/grillcentrum.shop\/gree\/produkt\/zestaw-meble-ogrodowe-2x-sofa-2x-fotel-7-osob-gardenove\/"},"modified":"2026-04-11T02:22:38","modified_gmt":"2026-04-11T01:22:38","slug":"zestaw-meble-ogrodowe-2x-sofa-2x-fotel-7-osob-gardenove","status":"publish","type":"product","link":"https:\/\/lunzavo.shop\/grill\/produkt\/zestaw-meble-ogrodowe-2x-sofa-2x-fotel-7-osob-gardenove\/","title":{"rendered":"ZESTAW MEBLE OGRODOWE 2x SOFA + 2x FOTEL &#8211; 7 OS\u00d3B &#8211; GARDENOVE"},"content":{"rendered":"<div style=\"font-family: Arial, sans-serif; line-height: 1.6; color: #333; padding: 20px; clear: both; display: block; width: 100%; float: none; position: static; overflow: hidden;\">\n<div style=\"clear: both; display: block; margin: 10px 0;\">\n<div style=\"clear: both; display: block; margin: 10px 0;\">\n<div style=\"clear: both; display: block; margin: 10px 0;\">\n<div  style=\"max-width:1024px;max-height:1024px\">\n<div style=\"clear: both; display: block; margin: 10px 0;\">\n<div style=\"clear: both; width: 100%; display: block; margin: 20px 0; padding: 0; float: none; position: static; text-align: center;\"><img decoding=\"async\"  src=\"https:\/\/a.allegroimg.com\/original\/11a3bb\/8806caaf426b8cdc23ce1148bcf5\/ZESTAW-MEBLE-OGRODOWE-2x-SOFA-2x-FOTEL-7-OSOB-GARDENOVE-Kod-producenta-SR120A\" srcset=\"https:\/\/a.allegroimg.com\/original\/11a3bb\/8806caaf426b8cdc23ce1148bcf5\/ZESTAW-MEBLE-OGRODOWE-2x-SOFA-2x-FOTEL-7-OSOB-GARDENOVE-Kod-producenta-SR120A 360w,https:\/\/a.allegroimg.com\/original\/11a3bb\/8806caaf426b8cdc23ce1148bcf5\/ZESTAW-MEBLE-OGRODOWE-2x-SOFA-2x-FOTEL-7-OSOB-GARDENOVE-Kod-producenta-SR120A 720w,https:\/\/a.allegroimg.com\/original\/11a3bb\/8806caaf426b8cdc23ce1148bcf5\/ZESTAW-MEBLE-OGRODOWE-2x-SOFA-2x-FOTEL-7-OSOB-GARDENOVE-Kod-producenta-SR120A 1024w,https:\/\/a.allegroimg.com\/original\/11a3bb\/8806caaf426b8cdc23ce1148bcf5\/ZESTAW-MEBLE-OGRODOWE-2x-SOFA-2x-FOTEL-7-OSOB-GARDENOVE-Kod-producenta-SR120A 1024w\" sizes=\"100vw\" width=\"1024px\" alt=\"ZESTAW MEBLE OGRODOWE 2x SOFA + 2x FOTEL - 7 OS\u00d3B - GARDENOVE Kod producenta SR120A\" style=\"max-width: 100%; height: auto; display: block; margin: 0 auto;\"><\/div>\n<\/div>\n<\/div>\n<\/div>\n<\/div>\n<\/div>\n<div style=\"clear: both; display: block; margin: 10px 0;\">\n<div style=\"clear: both; display: block; margin: 10px 0;\">\n<div style=\"clear: both; display: block; margin: 10px 0;\">\n<p style=\"margin: 15px 0; line-height: 1.8; clear: both; display: block; width: 100%; float: none; position: static;\">Zestaw mebli ogrodowych SR120A&nbsp; &#8211; marki GARDENOVE<\/p>\n<p style=\"margin: 15px 0; line-height: 1.8; clear: both; display: block; width: 100%; float: none; position: static;\">Kolor deseczek&nbsp; &#8211; <b>jasny br\u0105z<\/b><\/p>\n<p style=\"margin: 15px 0; line-height: 1.8; clear: both; display: block; width: 100%; float: none; position: static;\">Kolor poduszek &#8211; <b>ciemno<\/b> <b>szary<\/b><\/p>\n<p style=\"margin: 15px 0; line-height: 1.8; clear: both; display: block; width: 100%; float: none; position: static;\">W zestawie: sofa trzyosobowa i dwuosobowa.<\/p>\n<p style=\"margin: 15px 0; line-height: 1.8; clear: both; display: block; width: 100%; float: none; position: static;\">Dodatkowo 2 fotele + st\u00f3\u0142.<\/p>\n<p style=\"margin: 15px 0; line-height: 1.8; clear: both; display: block; width: 100%; float: none; position: static;\">Konstrukcja zestawu : stalowa<\/p>\n<p style=\"margin: 15px 0; line-height: 1.8; clear: both; display: block; width: 100%; float: none; position: static;\">Imitacja drewna &#8211; polywood<\/p>\n<h3 style=\"color: #2c5aa0; font-size: 18px; margin: 30px 0 15px 0; font-weight: bold; clear: both; display: block; width: 100%; float: none; position: static;\">ZESTAW W PRZEDSPRZEDA\u017bY<\/h3>\n<p style=\"margin: 15px 0; line-height: 1.8; clear: both; display: block; width: 100%; float: none; position: static;\">Planowana dostawa po 7 kwietnia. W\u00f3wczas b\u0119d\u0105 realizowane wysy\u0142ki<\/p>\n<\/div>\n<\/div>\n<div style=\"clear: both; display: block; margin: 10px 0;\">\n<div style=\"clear: both; display: block; margin: 10px 0;\">\n<div  style=\"max-width:900px;max-height:900px\">\n<div style=\"clear: both; display: block; margin: 10px 0;\">\n<div style=\"clear: both; width: 100%; display: block; margin: 20px 0; padding: 0; float: none; position: static; text-align: center;\"><img decoding=\"async\"  src=\"https:\/\/a.allegroimg.com\/original\/11d179\/4d32f1b646799fab97540851b895\/ZESTAW-MEBLE-OGRODOWE-2x-SOFA-2x-FOTEL-7-OSOB-GARDENOVE-Liczba-osob-7\" srcset=\"https:\/\/a.allegroimg.com\/original\/11d179\/4d32f1b646799fab97540851b895\/ZESTAW-MEBLE-OGRODOWE-2x-SOFA-2x-FOTEL-7-OSOB-GARDENOVE-Liczba-osob-7 360w,https:\/\/a.allegroimg.com\/original\/11d179\/4d32f1b646799fab97540851b895\/ZESTAW-MEBLE-OGRODOWE-2x-SOFA-2x-FOTEL-7-OSOB-GARDENOVE-Liczba-osob-7 720w,https:\/\/a.allegroimg.com\/original\/11d179\/4d32f1b646799fab97540851b895\/ZESTAW-MEBLE-OGRODOWE-2x-SOFA-2x-FOTEL-7-OSOB-GARDENOVE-Liczba-osob-7 900w,https:\/\/a.allegroimg.com\/original\/11d179\/4d32f1b646799fab97540851b895\/ZESTAW-MEBLE-OGRODOWE-2x-SOFA-2x-FOTEL-7-OSOB-GARDENOVE-Liczba-osob-7 900w\" sizes=\"(min-width: 1200px) 560px, (min-width: 992px) 50vw, 100vw\" width=\"900px\" alt=\"ZESTAW MEBLE OGRODOWE 2x SOFA + 2x FOTEL - 7 OS\u00d3B - GARDENOVE Liczba os\u00f3b 7\" style=\"max-width: 100%; height: auto; display: block; margin: 0 auto;\"><\/div>\n<\/div>\n<\/div>\n<\/div>\n<\/div>\n<\/div>\n<div style=\"clear: both; display: block; margin: 10px 0;\">\n<div style=\"clear: both; display: block; margin: 10px 0;\">\n<div style=\"clear: both; display: block; margin: 10px 0;\">\n<div  style=\"max-width:1536px;max-height:1024px\">\n<div style=\"clear: both; display: block; margin: 10px 0;\">\n<div style=\"clear: both; width: 100%; display: block; margin: 20px 0; padding: 0; float: none; position: static; text-align: center;\"><img decoding=\"async\"  src=\"https:\/\/a.allegroimg.com\/original\/11f577\/e4b991b44ab3978a462e07ecab99\/ZESTAW-MEBLE-OGRODOWE-2x-SOFA-2x-FOTEL-7-OSOB-GARDENOVE-Producent-GARDENOVE\" srcset=\"https:\/\/a.allegroimg.com\/original\/11f577\/e4b991b44ab3978a462e07ecab99\/ZESTAW-MEBLE-OGRODOWE-2x-SOFA-2x-FOTEL-7-OSOB-GARDENOVE-Producent-GARDENOVE 360w,https:\/\/a.allegroimg.com\/original\/11f577\/e4b991b44ab3978a462e07ecab99\/ZESTAW-MEBLE-OGRODOWE-2x-SOFA-2x-FOTEL-7-OSOB-GARDENOVE-Producent-GARDENOVE 720w,https:\/\/a.allegroimg.com\/original\/11f577\/e4b991b44ab3978a462e07ecab99\/ZESTAW-MEBLE-OGRODOWE-2x-SOFA-2x-FOTEL-7-OSOB-GARDENOVE-Producent-GARDENOVE 1024w,https:\/\/a.allegroimg.com\/original\/11f577\/e4b991b44ab3978a462e07ecab99\/ZESTAW-MEBLE-OGRODOWE-2x-SOFA-2x-FOTEL-7-OSOB-GARDENOVE-Producent-GARDENOVE 1440w,https:\/\/a.allegroimg.com\/original\/11f577\/e4b991b44ab3978a462e07ecab99\/ZESTAW-MEBLE-OGRODOWE-2x-SOFA-2x-FOTEL-7-OSOB-GARDENOVE-Producent-GARDENOVE 1536w\" sizes=\"(min-width: 1200px) 560px, (min-width: 992px) 50vw, 100vw\" width=\"1536px\" alt=\"ZESTAW MEBLE OGRODOWE 2x SOFA + 2x FOTEL - 7 OS\u00d3B - GARDENOVE Producent GARDENOVE\" style=\"max-width: 100%; height: auto; display: block; margin: 0 auto;\"><\/div>\n<\/div>\n<\/div>\n<\/div>\n<\/div>\n<div style=\"clear: both; display: block; margin: 10px 0;\">\n<div style=\"clear: both; display: block; margin: 10px 0;\">\n<div  style=\"max-width:2048px;max-height:2048px\">\n<div style=\"clear: both; display: block; margin: 10px 0;\">\n<div style=\"clear: both; width: 100%; display: block; margin: 20px 0; padding: 0; float: none; position: static; text-align: center;\"><img decoding=\"async\"  src=\"https:\/\/a.allegroimg.com\/original\/11efa4\/42a13d824f5aa80decea9c31cf76\/ZESTAW-MEBLE-OGRODOWE-2x-SOFA-2x-FOTEL-7-OSOB-GARDENOVE-Liczba-elementow-w-zestawie-5\" srcset=\"https:\/\/a.allegroimg.com\/original\/11efa4\/42a13d824f5aa80decea9c31cf76\/ZESTAW-MEBLE-OGRODOWE-2x-SOFA-2x-FOTEL-7-OSOB-GARDENOVE-Liczba-elementow-w-zestawie-5 360w,https:\/\/a.allegroimg.com\/original\/11efa4\/42a13d824f5aa80decea9c31cf76\/ZESTAW-MEBLE-OGRODOWE-2x-SOFA-2x-FOTEL-7-OSOB-GARDENOVE-Liczba-elementow-w-zestawie-5 720w,https:\/\/a.allegroimg.com\/original\/11efa4\/42a13d824f5aa80decea9c31cf76\/ZESTAW-MEBLE-OGRODOWE-2x-SOFA-2x-FOTEL-7-OSOB-GARDENOVE-Liczba-elementow-w-zestawie-5 1024w,https:\/\/a.allegroimg.com\/original\/11efa4\/42a13d824f5aa80decea9c31cf76\/ZESTAW-MEBLE-OGRODOWE-2x-SOFA-2x-FOTEL-7-OSOB-GARDENOVE-Liczba-elementow-w-zestawie-5 1440w,https:\/\/a.allegroimg.com\/original\/11efa4\/42a13d824f5aa80decea9c31cf76\/ZESTAW-MEBLE-OGRODOWE-2x-SOFA-2x-FOTEL-7-OSOB-GARDENOVE-Liczba-elementow-w-zestawie-5 2048w\" sizes=\"(min-width: 1200px) 560px, (min-width: 992px) 50vw, 100vw\" width=\"2048px\" alt=\"ZESTAW MEBLE OGRODOWE 2x SOFA + 2x FOTEL - 7 OS\u00d3B - GARDENOVE Liczba element\u00f3w w zestawie 5\" style=\"max-width: 100%; height: auto; display: block; margin: 0 auto;\"><\/div>\n<\/div>\n<\/div>\n<\/div>\n<\/div>\n<\/div>\n<div style=\"clear: both; display: block; margin: 10px 0;\">\n<div style=\"clear: both; display: block; margin: 10px 0;\">\n<div style=\"clear: both; display: block; margin: 10px 0;\">\n<div  style=\"max-width:2048px;max-height:2048px\">\n<div style=\"clear: both; display: block; margin: 10px 0;\">\n<div style=\"clear: both; width: 100%; display: block; margin: 20px 0; padding: 0; float: none; position: static; text-align: center;\"><img decoding=\"async\"  src=\"https:\/\/a.allegroimg.com\/original\/110201\/fda1eb574abaa81df79391da7ce7\/ZESTAW-MEBLE-OGRODOWE-2x-SOFA-2x-FOTEL-7-OSOB-GARDENOVE-Kolor-szary\" srcset=\"https:\/\/a.allegroimg.com\/original\/110201\/fda1eb574abaa81df79391da7ce7\/ZESTAW-MEBLE-OGRODOWE-2x-SOFA-2x-FOTEL-7-OSOB-GARDENOVE-Kolor-szary 360w,https:\/\/a.allegroimg.com\/original\/110201\/fda1eb574abaa81df79391da7ce7\/ZESTAW-MEBLE-OGRODOWE-2x-SOFA-2x-FOTEL-7-OSOB-GARDENOVE-Kolor-szary 720w,https:\/\/a.allegroimg.com\/original\/110201\/fda1eb574abaa81df79391da7ce7\/ZESTAW-MEBLE-OGRODOWE-2x-SOFA-2x-FOTEL-7-OSOB-GARDENOVE-Kolor-szary 1024w,https:\/\/a.allegroimg.com\/original\/110201\/fda1eb574abaa81df79391da7ce7\/ZESTAW-MEBLE-OGRODOWE-2x-SOFA-2x-FOTEL-7-OSOB-GARDENOVE-Kolor-szary 1440w,https:\/\/a.allegroimg.com\/original\/110201\/fda1eb574abaa81df79391da7ce7\/ZESTAW-MEBLE-OGRODOWE-2x-SOFA-2x-FOTEL-7-OSOB-GARDENOVE-Kolor-szary 2048w\" sizes=\"(min-width: 1200px) 560px, (min-width: 992px) 50vw, 100vw\" width=\"2048px\" alt=\"ZESTAW MEBLE OGRODOWE 2x SOFA + 2x FOTEL - 7 OS\u00d3B - GARDENOVE Kolor szary\" style=\"max-width: 100%; height: auto; display: block; margin: 0 auto;\"><\/div>\n<\/div>\n<\/div>\n<\/div>\n<\/div>\n<div style=\"clear: both; display: block; margin: 10px 0;\">\n<div style=\"clear: both; display: block; margin: 10px 0;\">\n<p style=\"margin: 15px 0; line-height: 1.8; clear: both; display: block; width: 100%; float: none; position: static;\">Idealnie prezentuje si\u0119 na tarasie &#8211; jak i na trawniku. St\u00f3\u0142 z blatem z polywood. &nbsp;W zestawie 2 poduszki na siedziska, 1 na fotel i 2 na pufy oraz 8 poduszek na oparcia.<\/p>\n<\/div>\n<\/div>\n<\/div>\n<div style=\"clear: both; display: block; margin: 10px 0;\">\n<div style=\"clear: both; display: block; margin: 10px 0;\">\n<div style=\"clear: both; display: block; margin: 10px 0;\">\n<p style=\"margin: 15px 0; line-height: 1.8; clear: both; display: block; width: 100%; float: none; position: static;\">Wymiary:<\/p>\n<p style=\"margin: 15px 0; line-height: 1.8; clear: both; display: block; width: 100%; float: none; position: static;\">sofa 3 osobowa 195x70cm<\/p>\n<p style=\"margin: 15px 0; line-height: 1.8; clear: both; display: block; width: 100%; float: none; position: static;\">sofa 2 osobowa 127x70cm<\/p>\n<p style=\"margin: 15px 0; line-height: 1.8; clear: both; display: block; width: 100%; float: none; position: static;\">pod\u0142okietnik wysoko\u015b\u0107 57cm<\/p>\n<p style=\"margin: 15px 0; line-height: 1.8; clear: both; display: block; width: 100%; float: none; position: static;\">wysoko\u015b\u0107 siedziska ( z poduchami ) 42cm<\/p>\n<p style=\"margin: 15px 0; line-height: 1.8; clear: both; display: block; width: 100%; float: none; position: static;\">st\u00f3\u0142 110&#215;60 cm&nbsp; &#8211;&nbsp; wysoko\u015b\u0107 46cm<\/p>\n<p style=\"margin: 15px 0; line-height: 1.8; clear: both; display: block; width: 100%; float: none; position: static;\">poduchy na siedziskach &#8211; grubo\u015b\u0107 10cm<\/p>\n<p style=\"margin: 15px 0; line-height: 1.8; clear: both; display: block; width: 100%; float: none; position: static;\">poduchy na oparcia&nbsp; grubo\u015b\u0107 18cm<\/p>\n<p style=\"margin: 15px 0; line-height: 1.8; clear: both; display: block; width: 100%; float: none; position: static;\">Komplet na palecie. Do samodzielnego z\u0142o\u017cenia.<\/p>\n<\/div>\n<\/div>\n<\/div>\n<div style=\"clear: both; display: block; margin: 10px 0;\">\n<div style=\"clear: both; display: block; margin: 10px 0;\">\n<div style=\"clear: both; display: block; margin: 10px 0;\">\n<div  style=\"max-width:2560px;max-height:1719px\">\n<div style=\"clear: both; display: block; margin: 10px 0;\">\n<div style=\"clear: both; width: 100%; display: block; margin: 20px 0; padding: 0; float: none; position: static; text-align: center;\"><img decoding=\"async\"  src=\"https:\/\/a.allegroimg.com\/original\/112f34\/d6ff79a74451afcddcb4889761c2\/ZESTAW-MEBLE-OGRODOWE-2x-SOFA-2x-FOTEL-7-OSOB-GARDENOVE-Zawartosc-zestawu-fotel-stolik-inny-element\" srcset=\"https:\/\/a.allegroimg.com\/original\/112f34\/d6ff79a74451afcddcb4889761c2\/ZESTAW-MEBLE-OGRODOWE-2x-SOFA-2x-FOTEL-7-OSOB-GARDENOVE-Zawartosc-zestawu-fotel-stolik-inny-element 360w,https:\/\/a.allegroimg.com\/original\/112f34\/d6ff79a74451afcddcb4889761c2\/ZESTAW-MEBLE-OGRODOWE-2x-SOFA-2x-FOTEL-7-OSOB-GARDENOVE-Zawartosc-zestawu-fotel-stolik-inny-element 720w,https:\/\/a.allegroimg.com\/original\/112f34\/d6ff79a74451afcddcb4889761c2\/ZESTAW-MEBLE-OGRODOWE-2x-SOFA-2x-FOTEL-7-OSOB-GARDENOVE-Zawartosc-zestawu-fotel-stolik-inny-element 1024w,https:\/\/a.allegroimg.com\/original\/112f34\/d6ff79a74451afcddcb4889761c2\/ZESTAW-MEBLE-OGRODOWE-2x-SOFA-2x-FOTEL-7-OSOB-GARDENOVE-Zawartosc-zestawu-fotel-stolik-inny-element 1440w,https:\/\/a.allegroimg.com\/original\/112f34\/d6ff79a74451afcddcb4889761c2\/ZESTAW-MEBLE-OGRODOWE-2x-SOFA-2x-FOTEL-7-OSOB-GARDENOVE-Zawartosc-zestawu-fotel-stolik-inny-element 2560w\" sizes=\"(min-width: 1200px) 560px, (min-width: 992px) 50vw, 100vw\" width=\"2560px\" alt=\"ZESTAW MEBLE OGRODOWE 2x SOFA + 2x FOTEL - 7 OS\u00d3B - GARDENOVE Zawarto\u015b\u0107 zestawu fotel stolik inny element\" style=\"max-width: 100%; height: auto; display: block; margin: 0 auto;\"><\/div>\n<\/div>\n<\/div>\n<\/div>\n<\/div>\n<div style=\"clear: both; display: block; margin: 10px 0;\">\n<div style=\"clear: both; display: block; margin: 10px 0;\">\n<p style=\"margin: 15px 0; line-height: 1.8; clear: both; display: block; width: 100%; float: none; position: static;\">Materia\u0142 dodatkowo impregnowany&nbsp; (woda nie wsi\u0105ka). Pokrowce zdejmowane do prania.<\/p>\n<\/div>\n<\/div>\n<\/div>\n<div style=\"clear: both; display: block; margin: 10px 0;\">\n<div style=\"clear: both; display: block; margin: 10px 0;\">\n<div style=\"clear: both; display: block; margin: 10px 0;\">\n<div  style=\"max-width:1024px;max-height:883px\">\n<div style=\"clear: both; display: block; margin: 10px 0;\">\n<div style=\"clear: both; width: 100%; display: block; margin: 20px 0; padding: 0; float: none; position: static; text-align: center;\"><img decoding=\"async\"  src=\"https:\/\/a.allegroimg.com\/original\/11e23f\/d9c5d98d4829b15c6c7350456a84\/ZESTAW-MEBLE-OGRODOWE-2x-SOFA-2x-FOTEL-7-OSOB-GARDENOVE-Material-dominujacy-tworzywo-sztuczne\" srcset=\"https:\/\/a.allegroimg.com\/original\/11e23f\/d9c5d98d4829b15c6c7350456a84\/ZESTAW-MEBLE-OGRODOWE-2x-SOFA-2x-FOTEL-7-OSOB-GARDENOVE-Material-dominujacy-tworzywo-sztuczne 360w,https:\/\/a.allegroimg.com\/original\/11e23f\/d9c5d98d4829b15c6c7350456a84\/ZESTAW-MEBLE-OGRODOWE-2x-SOFA-2x-FOTEL-7-OSOB-GARDENOVE-Material-dominujacy-tworzywo-sztuczne 720w,https:\/\/a.allegroimg.com\/original\/11e23f\/d9c5d98d4829b15c6c7350456a84\/ZESTAW-MEBLE-OGRODOWE-2x-SOFA-2x-FOTEL-7-OSOB-GARDENOVE-Material-dominujacy-tworzywo-sztuczne 1024w,https:\/\/a.allegroimg.com\/original\/11e23f\/d9c5d98d4829b15c6c7350456a84\/ZESTAW-MEBLE-OGRODOWE-2x-SOFA-2x-FOTEL-7-OSOB-GARDENOVE-Material-dominujacy-tworzywo-sztuczne 1024w\" sizes=\"100vw\" width=\"1024px\" alt=\"ZESTAW MEBLE OGRODOWE 2x SOFA + 2x FOTEL - 7 OS\u00d3B - GARDENOVE Materia\u0142 dominuj\u0105cy tworzywo sztuczne\" style=\"max-width: 100%; height: auto; display: block; margin: 0 auto;\"><\/div>\n<\/div>\n<\/div>\n<\/div>\n<\/div>\n<\/div>\n<\/div>\n<\/div>\n<\/div>\n<div style=\"clear: both; display: block; margin: 10px 0;\">\n","protected":false},"excerpt":{"rendered":"<p>Zestaw mebli ogrodowych SR120A&nbsp; &#8211; marki GARDENOVE<\/p>\n<p>Kolor deseczek&nbsp; &#8211; jasny br\u0105z<\/p>\n<p>Kolor poduszek &#8211; ciemno szary<\/p>\n<p>W zestawie: sofa trzyosobowa i dwuosobowa.<\/p>\n<p>Dodatkowo 2 fotele + st\u00f3\u0142.<\/p>\n<p>Konstrukcja zestawu : stalowa<\/p>\n<p>Imitacja drewna &#8211; polywood<\/p>\n<p>ZESTAW W PRZEDSPRZEDA\u017bY<\/p>\n","protected":false},"featured_media":16160,"template":"","meta":{"_uag_custom_page_level_css":""},"product_brand":[977],"product_cat":[532,542,541],"product_tag":[],"class_list":{"0":"post-16159","1":"product","2":"type-product","3":"status-publish","4":"has-post-thumbnail","6":"product_brand-gardenove","7":"product_cat-komplety-mebli","8":"product_cat-meble-ogrodowe","9":"product_cat-ogrod","10":"product_shipping_class-transport-na-paletach","12":"first","13":"instock","14":"sale","15":"shipping-taxable","16":"purchasable","17":"product-type-simple"},"uagb_featured_image_src":{"full":["https:\/\/lunzavo.shop\/grill\/wp-content\/uploads\/2026\/04\/allegro-image-16159.jpg",1536,1024,false],"thumbnail":["https:\/\/lunzavo.shop\/grill\/wp-content\/uploads\/2026\/04\/allegro-image-16159-150x150.jpg",150,150,true],"medium":["https:\/\/lunzavo.shop\/grill\/wp-content\/uploads\/2026\/04\/allegro-image-16159-300x200.jpg",300,200,true],"medium_large":["https:\/\/lunzavo.shop\/grill\/wp-content\/uploads\/2026\/04\/allegro-image-16159-768x512.jpg",768,512,true],"large":["https:\/\/lunzavo.shop\/grill\/wp-content\/uploads\/2026\/04\/allegro-image-16159-1024x683.jpg",1024,683,true],"1536x1536":["https:\/\/lunzavo.shop\/grill\/wp-content\/uploads\/2026\/04\/allegro-image-16159.jpg",1536,1024,false],"2048x2048":["https:\/\/lunzavo.shop\/grill\/wp-content\/uploads\/2026\/04\/allegro-image-16159.jpg",1536,1024,false],"woocommerce_thumbnail":["https:\/\/lunzavo.shop\/grill\/wp-content\/uploads\/2026\/04\/allegro-image-16159-300x300.jpg",300,300,true],"woocommerce_single":["https:\/\/lunzavo.shop\/grill\/wp-content\/uploads\/2026\/04\/allegro-image-16159-600x400.jpg",600,400,true],"woocommerce_gallery_thumbnail":["https:\/\/lunzavo.shop\/grill\/wp-content\/uploads\/2026\/04\/allegro-image-16159-100x100.jpg",100,100,true]},"uagb_author_info":{"display_name":"admin","author_link":"https:\/\/lunzavo.shop\/grill\/author\/"},"uagb_comment_info":0,"uagb_excerpt":"Zestaw mebli ogrodowych SR120A&nbsp; - marki GARDENOVE Kolor deseczek&nbsp; - jasny br\u0105z Kolor poduszek - ciemno szary W zestawie: sofa trzyosobowa i dwuosobowa. Dodatkowo 2 fotele + st\u00f3\u0142. Konstrukcja zestawu : stalowa Imitacja drewna - polywood ZESTAW W PRZEDSPRZEDA\u017bY","_links":{"self":[{"href":"https:\/\/lunzavo.shop\/grill\/wp-json\/wp\/v2\/product\/16159","targetHints":{"allow":["GET"]}}],"collection":[{"href":"https:\/\/lunzavo.shop\/grill\/wp-json\/wp\/v2\/product"}],"about":[{"href":"https:\/\/lunzavo.shop\/grill\/wp-json\/wp\/v2\/types\/product"}],"wp:featuredmedia":[{"embeddable":true,"href":"https:\/\/lunzavo.shop\/grill\/wp-json\/wp\/v2\/media\/16160"}],"wp:attachment":[{"href":"https:\/\/lunzavo.shop\/grill\/wp-json\/wp\/v2\/media?parent=16159"}],"wp:term":[{"taxonomy":"product_brand","embeddable":true,"href":"https:\/\/lunzavo.shop\/grill\/wp-json\/wp\/v2\/product_brand?post=16159"},{"taxonomy":"product_cat","embeddable":true,"href":"https:\/\/lunzavo.shop\/grill\/wp-json\/wp\/v2\/product_cat?post=16159"},{"taxonomy":"product_tag","embeddable":true,"href":"https:\/\/lunzavo.shop\/grill\/wp-json\/wp\/v2\/product_tag?post=16159"}],"curies":[{"name":"wp","href":"https:\/\/api.w.org\/{rel}","templated":true}]}}