{"id":16145,"date":"2026-04-06T19:54:25","date_gmt":"2026-04-06T18:54:25","guid":{"rendered":"https:\/\/grillcentrum.shop\/gree\/produkt\/zestaw-meble-ogrodowe-naroznik-6osob-sofa-stolik-fotel\/"},"modified":"2026-04-11T02:22:38","modified_gmt":"2026-04-11T01:22:38","slug":"zestaw-meble-ogrodowe-naroznik-6osob-sofa-stolik-fotel","status":"publish","type":"product","link":"https:\/\/lunzavo.shop\/grill\/produkt\/zestaw-meble-ogrodowe-naroznik-6osob-sofa-stolik-fotel\/","title":{"rendered":"ZESTAW MEBLE OGRODOWE NARO\u017bNIK 6OS\u00d3B SOFA STOLIK + FOTEL"},"content":{"rendered":"<div style=\"font-family: Arial, sans-serif; line-height: 1.6; color: #333; padding: 20px; clear: both; display: block; width: 100%; float: none; position: static; overflow: hidden;\">\n<div style=\"clear: both; display: block; margin: 10px 0;\">\n<div style=\"clear: both; display: block; margin: 10px 0;\">\n<div style=\"clear: both; display: block; margin: 10px 0;\">\n<div  style=\"max-width:1536px;max-height:1024px\">\n<div style=\"clear: both; display: block; margin: 10px 0;\">\n<div style=\"clear: both; width: 100%; display: block; margin: 20px 0; padding: 0; float: none; position: static; text-align: center;\"><img decoding=\"async\"  src=\"https:\/\/a.allegroimg.com\/original\/11ac9a\/ab818a6744d191bc46b2fcd2c0de\/ZESTAW-MEBLE-OGRODOWE-NAROZNIK-6OSOB-SOFA-STOLIK-FOTEL-Kod-producenta-SR100A-nat\" srcset=\"https:\/\/a.allegroimg.com\/original\/11ac9a\/ab818a6744d191bc46b2fcd2c0de\/ZESTAW-MEBLE-OGRODOWE-NAROZNIK-6OSOB-SOFA-STOLIK-FOTEL-Kod-producenta-SR100A-nat 360w,https:\/\/a.allegroimg.com\/original\/11ac9a\/ab818a6744d191bc46b2fcd2c0de\/ZESTAW-MEBLE-OGRODOWE-NAROZNIK-6OSOB-SOFA-STOLIK-FOTEL-Kod-producenta-SR100A-nat 720w,https:\/\/a.allegroimg.com\/original\/11ac9a\/ab818a6744d191bc46b2fcd2c0de\/ZESTAW-MEBLE-OGRODOWE-NAROZNIK-6OSOB-SOFA-STOLIK-FOTEL-Kod-producenta-SR100A-nat 1024w,https:\/\/a.allegroimg.com\/original\/11ac9a\/ab818a6744d191bc46b2fcd2c0de\/ZESTAW-MEBLE-OGRODOWE-NAROZNIK-6OSOB-SOFA-STOLIK-FOTEL-Kod-producenta-SR100A-nat 1440w,https:\/\/a.allegroimg.com\/original\/11ac9a\/ab818a6744d191bc46b2fcd2c0de\/ZESTAW-MEBLE-OGRODOWE-NAROZNIK-6OSOB-SOFA-STOLIK-FOTEL-Kod-producenta-SR100A-nat 1536w\" sizes=\"100vw\" width=\"1536px\" alt=\"ZESTAW MEBLE OGRODOWE NARO\u017bNIK 6OS\u00d3B SOFA STOLIK + FOTEL Kod producenta SR100A-nat\" style=\"max-width: 100%; height: auto; display: block; margin: 0 auto;\"><\/div>\n<\/div>\n<\/div>\n<\/div>\n<\/div>\n<\/div>\n<div style=\"clear: both; display: block; margin: 10px 0;\">\n<div style=\"clear: both; display: block; margin: 10px 0;\">\n<div style=\"clear: both; display: block; margin: 10px 0;\">\n<p style=\"margin: 15px 0; line-height: 1.8; clear: both; display: block; width: 100%; float: none; position: static;\">Zestaw mebli ogrodowych SR100A + fotel<\/p>\n<p style=\"margin: 15px 0; line-height: 1.8; clear: both; display: block; width: 100%; float: none; position: static;\">Kolor deseczek&nbsp; &#8211; <b>jasny br\u0105z<\/b><\/p>\n<p style=\"margin: 15px 0; line-height: 1.8; clear: both; display: block; width: 100%; float: none; position: static;\">Kolor poduszek &#8211; <b>ciemno<\/b> <b>szary<\/b><\/p>\n<p style=\"margin: 15px 0; line-height: 1.8; clear: both; display: block; width: 100%; float: none; position: static;\">Konstrukcja zestawu : <b>stalowa<\/b><\/p>\n<p style=\"margin: 15px 0; line-height: 1.8; clear: both; display: block; width: 100%; float: none; position: static;\">Imitacja drewna &#8211; <b>polywood<\/b><\/p>\n<\/div>\n<\/div>\n<div style=\"clear: both; display: block; margin: 10px 0;\">\n<div style=\"clear: both; display: block; margin: 10px 0;\">\n<div  style=\"max-width:900px;max-height:900px\">\n<div style=\"clear: both; display: block; margin: 10px 0;\">\n<div style=\"clear: both; width: 100%; display: block; margin: 20px 0; padding: 0; float: none; position: static; text-align: center;\"><img decoding=\"async\"  src=\"https:\/\/a.allegroimg.com\/original\/11308c\/d5f7406649e7809dee472dda6506\" srcset=\"https:\/\/a.allegroimg.com\/original\/11308c\/d5f7406649e7809dee472dda6506 360w,https:\/\/a.allegroimg.com\/original\/11308c\/d5f7406649e7809dee472dda6506 720w,https:\/\/a.allegroimg.com\/original\/11308c\/d5f7406649e7809dee472dda6506 900w,https:\/\/a.allegroimg.com\/original\/11308c\/d5f7406649e7809dee472dda6506 900w\" sizes=\"(min-width: 1200px) 560px, (min-width: 992px) 50vw, 100vw\" width=\"900px\" alt=\"\" style=\"max-width: 100%; height: auto; display: block; margin: 0 auto;\"><\/div>\n<\/div>\n<\/div>\n<\/div>\n<\/div>\n<\/div>\n<div style=\"clear: both; display: block; margin: 10px 0;\">\n<div style=\"clear: both; display: block; margin: 10px 0;\">\n<div style=\"clear: both; display: block; margin: 10px 0;\">\n<div  style=\"max-width:1600px;max-height:744px\">\n<div style=\"clear: both; display: block; margin: 10px 0;\">\n<div style=\"clear: both; width: 100%; display: block; margin: 20px 0; padding: 0; float: none; position: static; text-align: center;\"><img decoding=\"async\"  src=\"https:\/\/a.allegroimg.com\/original\/110fc6\/c0d90abd419f851a278b2a663d12\/ZESTAW-MEBLE-OGRODOWE-NAROZNIK-6OSOB-SOFA-STOLIK-FOTEL\" srcset=\"https:\/\/a.allegroimg.com\/original\/110fc6\/c0d90abd419f851a278b2a663d12\/ZESTAW-MEBLE-OGRODOWE-NAROZNIK-6OSOB-SOFA-STOLIK-FOTEL 360w,https:\/\/a.allegroimg.com\/original\/110fc6\/c0d90abd419f851a278b2a663d12\/ZESTAW-MEBLE-OGRODOWE-NAROZNIK-6OSOB-SOFA-STOLIK-FOTEL 720w,https:\/\/a.allegroimg.com\/original\/110fc6\/c0d90abd419f851a278b2a663d12\/ZESTAW-MEBLE-OGRODOWE-NAROZNIK-6OSOB-SOFA-STOLIK-FOTEL 1024w,https:\/\/a.allegroimg.com\/original\/110fc6\/c0d90abd419f851a278b2a663d12\/ZESTAW-MEBLE-OGRODOWE-NAROZNIK-6OSOB-SOFA-STOLIK-FOTEL 1440w,https:\/\/a.allegroimg.com\/original\/110fc6\/c0d90abd419f851a278b2a663d12\/ZESTAW-MEBLE-OGRODOWE-NAROZNIK-6OSOB-SOFA-STOLIK-FOTEL 1600w\" sizes=\"(min-width: 1200px) 560px, (min-width: 992px) 50vw, 100vw\" width=\"1600px\" alt=\"ZESTAW MEBLE OGRODOWE NARO\u017bNIK 6OS\u00d3B SOFA STOLIK + FOTEL\" style=\"max-width: 100%; height: auto; display: block; margin: 0 auto;\"><\/div>\n<\/div>\n<\/div>\n<\/div>\n<\/div>\n<div style=\"clear: both; display: block; margin: 10px 0;\">\n<div style=\"clear: both; display: block; margin: 10px 0;\">\n<p style=\"margin: 15px 0; line-height: 1.8; clear: both; display: block; width: 100%; float: none; position: static;\">Idealnie prezentuje si\u0119 na tarasie &#8211; jak i na trawniku. Stolik z blatem z polywood. &nbsp;W zestawie 3 poduszki na siedziska i 6 poduszek na oparcia. Poduszki na fotel. Poszewki dodatkowo impregnowane. Krople deszczu nie wsi\u0105kaj\u0105. Poszewki zamykane za suwak &#8211; z mo\u017cliwo\u015bci\u0105 prania.<\/p>\n<\/div>\n<\/div>\n<\/div>\n<div style=\"clear: both; display: block; margin: 10px 0;\">\n<div style=\"clear: both; display: block; margin: 10px 0;\">\n<div style=\"clear: both; display: block; margin: 10px 0;\">\n<p style=\"margin: 15px 0; line-height: 1.8; clear: both; display: block; width: 100%; float: none; position: static;\">Wymiary:<\/p>\n<p style=\"margin: 15px 0; line-height: 1.8; clear: both; display: block; width: 100%; float: none; position: static;\">siedzisko sofa 130x70cm x2szt<\/p>\n<p style=\"margin: 15px 0; line-height: 1.8; clear: both; display: block; width: 100%; float: none; position: static;\">siedzisko w naro\u017cniku 70x70cm<\/p>\n<p style=\"margin: 15px 0; line-height: 1.8; clear: both; display: block; width: 100%; float: none; position: static;\">fotel 70x70cm<\/p>\n<p style=\"margin: 15px 0; line-height: 1.8; clear: both; display: block; width: 100%; float: none; position: static;\">wysoko\u015b\u0107 siedziska ( z poduchami ) 40cm<\/p>\n<p style=\"margin: 15px 0; line-height: 1.8; clear: both; display: block; width: 100%; float: none; position: static;\">boczne stoliki przy sofie 30&#215;70<\/p>\n<p style=\"margin: 15px 0; line-height: 1.8; clear: both; display: block; width: 100%; float: none; position: static;\">stolik 70x70x43cm<\/p>\n<p style=\"margin: 15px 0; line-height: 1.8; clear: both; display: block; width: 100%; float: none; position: static;\">poduchy na siedziskach &#8211; grubo\u015b\u0107 8cm<\/p>\n<p style=\"margin: 15px 0; line-height: 1.8; clear: both; display: block; width: 100%; float: none; position: static;\">Komplet na palecie. Do samodzielnego z\u0142o\u017cenia.<\/p>\n<\/div>\n<\/div>\n<div style=\"clear: both; display: block; margin: 10px 0;\">\n<div style=\"clear: both; display: block; margin: 10px 0;\">\n<div  style=\"max-width:1600px;max-height:733px\">\n<div style=\"clear: both; display: block; margin: 10px 0;\">\n<div style=\"clear: both; width: 100%; display: block; margin: 20px 0; padding: 0; float: none; position: static; text-align: center;\"><img decoding=\"async\"  src=\"https:\/\/a.allegroimg.com\/original\/11e23a\/a5fbd41748549cd6106396115b12\" srcset=\"https:\/\/a.allegroimg.com\/original\/11e23a\/a5fbd41748549cd6106396115b12 360w,https:\/\/a.allegroimg.com\/original\/11e23a\/a5fbd41748549cd6106396115b12 720w,https:\/\/a.allegroimg.com\/original\/11e23a\/a5fbd41748549cd6106396115b12 1024w,https:\/\/a.allegroimg.com\/original\/11e23a\/a5fbd41748549cd6106396115b12 1440w,https:\/\/a.allegroimg.com\/original\/11e23a\/a5fbd41748549cd6106396115b12 1600w\" sizes=\"(min-width: 1200px) 560px, (min-width: 992px) 50vw, 100vw\" width=\"1600px\" alt=\"\" style=\"max-width: 100%; height: auto; display: block; margin: 0 auto;\"><\/div>\n<\/div>\n<\/div>\n<\/div>\n<\/div>\n<\/div>\n<div style=\"clear: both; display: block; margin: 10px 0;\">\n<div style=\"clear: both; display: block; margin: 10px 0;\">\n<div style=\"clear: both; display: block; margin: 10px 0;\">\n<div  style=\"max-width:1012px;max-height:681px\">\n<div style=\"clear: both; display: block; margin: 10px 0;\">\n<div style=\"clear: both; width: 100%; display: block; margin: 20px 0; padding: 0; float: none; position: static; text-align: center;\"><img decoding=\"async\"  src=\"https:\/\/a.allegroimg.com\/original\/11f817\/91c232bf4f099c0c461b23a07281\/ZESTAW-MEBLE-OGRODOWE-NAROZNIK-6OSOB-SOFA-STOLIK-FOTEL-Zawartosc-zestawu-fotel-naroznik-stolik\" srcset=\"https:\/\/a.allegroimg.com\/original\/11f817\/91c232bf4f099c0c461b23a07281\/ZESTAW-MEBLE-OGRODOWE-NAROZNIK-6OSOB-SOFA-STOLIK-FOTEL-Zawartosc-zestawu-fotel-naroznik-stolik 360w,https:\/\/a.allegroimg.com\/original\/11f817\/91c232bf4f099c0c461b23a07281\/ZESTAW-MEBLE-OGRODOWE-NAROZNIK-6OSOB-SOFA-STOLIK-FOTEL-Zawartosc-zestawu-fotel-naroznik-stolik 720w,https:\/\/a.allegroimg.com\/original\/11f817\/91c232bf4f099c0c461b23a07281\/ZESTAW-MEBLE-OGRODOWE-NAROZNIK-6OSOB-SOFA-STOLIK-FOTEL-Zawartosc-zestawu-fotel-naroznik-stolik 1012w,https:\/\/a.allegroimg.com\/original\/11f817\/91c232bf4f099c0c461b23a07281\/ZESTAW-MEBLE-OGRODOWE-NAROZNIK-6OSOB-SOFA-STOLIK-FOTEL-Zawartosc-zestawu-fotel-naroznik-stolik 1012w\" sizes=\"(min-width: 1200px) 560px, (min-width: 992px) 50vw, 100vw\" width=\"1012px\" alt=\"ZESTAW MEBLE OGRODOWE NARO\u017bNIK 6OS\u00d3B SOFA STOLIK + FOTEL Zawarto\u015b\u0107 zestawu fotel naro\u017cnik stolik\" style=\"max-width: 100%; height: auto; display: block; margin: 0 auto;\"><\/div>\n<\/div>\n<\/div>\n<\/div>\n<\/div>\n<div style=\"clear: both; display: block; margin: 10px 0;\">\n<div style=\"clear: both; display: block; margin: 10px 0;\">\n<p style=\"margin: 15px 0; line-height: 1.8; clear: both; display: block; width: 100%; float: none; position: static;\">Krople nie wsi\u0105kaj\u0105. Materia\u0142 impregnowany. Poduchy s\u0105 bardzo wygodne.<\/p>\n<\/div>\n<\/div>\n<\/div>\n<div style=\"clear: both; display: block; margin: 10px 0;\">\n<div style=\"clear: both; display: block; margin: 10px 0;\">\n<div style=\"clear: both; display: block; margin: 10px 0;\">\n<div  style=\"max-width:1418px;max-height:733px\">\n<div style=\"clear: both; display: block; margin: 10px 0;\">\n<div style=\"clear: both; width: 100%; display: block; margin: 20px 0; padding: 0; float: none; position: static; text-align: center;\"><img decoding=\"async\"  src=\"https:\/\/a.allegroimg.com\/original\/11eda4\/ec8a6aec43ad813f629f89406f8b\/ZESTAW-MEBLE-OGRODOWE-NAROZNIK-6OSOB-SOFA-STOLIK-FOTEL-Kolor-szary\" srcset=\"https:\/\/a.allegroimg.com\/original\/11eda4\/ec8a6aec43ad813f629f89406f8b\/ZESTAW-MEBLE-OGRODOWE-NAROZNIK-6OSOB-SOFA-STOLIK-FOTEL-Kolor-szary 360w,https:\/\/a.allegroimg.com\/original\/11eda4\/ec8a6aec43ad813f629f89406f8b\/ZESTAW-MEBLE-OGRODOWE-NAROZNIK-6OSOB-SOFA-STOLIK-FOTEL-Kolor-szary 720w,https:\/\/a.allegroimg.com\/original\/11eda4\/ec8a6aec43ad813f629f89406f8b\/ZESTAW-MEBLE-OGRODOWE-NAROZNIK-6OSOB-SOFA-STOLIK-FOTEL-Kolor-szary 1024w,https:\/\/a.allegroimg.com\/original\/11eda4\/ec8a6aec43ad813f629f89406f8b\/ZESTAW-MEBLE-OGRODOWE-NAROZNIK-6OSOB-SOFA-STOLIK-FOTEL-Kolor-szary 1418w,https:\/\/a.allegroimg.com\/original\/11eda4\/ec8a6aec43ad813f629f89406f8b\/ZESTAW-MEBLE-OGRODOWE-NAROZNIK-6OSOB-SOFA-STOLIK-FOTEL-Kolor-szary 1418w\" sizes=\"(min-width: 1200px) 560px, (min-width: 992px) 50vw, 100vw\" width=\"1418px\" alt=\"ZESTAW MEBLE OGRODOWE NARO\u017bNIK 6OS\u00d3B SOFA STOLIK + FOTEL Kolor szary\" style=\"max-width: 100%; height: auto; display: block; margin: 0 auto;\"><\/div>\n<\/div>\n<\/div>\n<\/div>\n<\/div>\n<div style=\"clear: both; display: block; margin: 10px 0;\">\n<div style=\"clear: both; display: block; margin: 10px 0;\">\n<div  style=\"max-width:1600px;max-height:626px\">\n<div style=\"clear: both; display: block; margin: 10px 0;\">\n<div style=\"clear: both; width: 100%; display: block; margin: 20px 0; padding: 0; float: none; position: static; text-align: center;\"><img decoding=\"async\"  src=\"https:\/\/a.allegroimg.com\/original\/11dc61\/7b5d568d43f896f02a4f399b2bfc\/ZESTAW-MEBLE-OGRODOWE-NAROZNIK-6OSOB-SOFA-STOLIK-FOTEL-Material-dominujacy-tworzywo-sztuczne\" srcset=\"https:\/\/a.allegroimg.com\/original\/11dc61\/7b5d568d43f896f02a4f399b2bfc\/ZESTAW-MEBLE-OGRODOWE-NAROZNIK-6OSOB-SOFA-STOLIK-FOTEL-Material-dominujacy-tworzywo-sztuczne 360w,https:\/\/a.allegroimg.com\/original\/11dc61\/7b5d568d43f896f02a4f399b2bfc\/ZESTAW-MEBLE-OGRODOWE-NAROZNIK-6OSOB-SOFA-STOLIK-FOTEL-Material-dominujacy-tworzywo-sztuczne 720w,https:\/\/a.allegroimg.com\/original\/11dc61\/7b5d568d43f896f02a4f399b2bfc\/ZESTAW-MEBLE-OGRODOWE-NAROZNIK-6OSOB-SOFA-STOLIK-FOTEL-Material-dominujacy-tworzywo-sztuczne 1024w,https:\/\/a.allegroimg.com\/original\/11dc61\/7b5d568d43f896f02a4f399b2bfc\/ZESTAW-MEBLE-OGRODOWE-NAROZNIK-6OSOB-SOFA-STOLIK-FOTEL-Material-dominujacy-tworzywo-sztuczne 1440w,https:\/\/a.allegroimg.com\/original\/11dc61\/7b5d568d43f896f02a4f399b2bfc\/ZESTAW-MEBLE-OGRODOWE-NAROZNIK-6OSOB-SOFA-STOLIK-FOTEL-Material-dominujacy-tworzywo-sztuczne 1600w\" sizes=\"(min-width: 1200px) 560px, (min-width: 992px) 50vw, 100vw\" width=\"1600px\" alt=\"ZESTAW MEBLE OGRODOWE NARO\u017bNIK 6OS\u00d3B SOFA STOLIK + FOTEL Materia\u0142 dominuj\u0105cy tworzywo sztuczne\" style=\"max-width: 100%; height: auto; display: block; margin: 0 auto;\"><\/div>\n<\/div>\n<\/div>\n<\/div>\n<\/div>\n<\/div>\n<div style=\"clear: both; display: block; margin: 10px 0;\">\n<div style=\"clear: both; display: block; margin: 10px 0;\">\n<div style=\"clear: both; display: block; margin: 10px 0;\">\n<div  style=\"max-width:852px;max-height:1278px\">\n<div style=\"clear: both; display: block; margin: 10px 0;\">\n<div style=\"clear: both; width: 100%; display: block; margin: 20px 0; padding: 0; float: none; position: static; text-align: center;\"><img decoding=\"async\"  src=\"https:\/\/a.allegroimg.com\/original\/11483a\/d4a7b36d4e42bbf56d4401236e0d\/ZESTAW-MEBLE-OGRODOWE-NAROZNIK-6OSOB-SOFA-STOLIK-FOTEL-Styl-nowoczesny\" srcset=\"https:\/\/a.allegroimg.com\/original\/11483a\/d4a7b36d4e42bbf56d4401236e0d\/ZESTAW-MEBLE-OGRODOWE-NAROZNIK-6OSOB-SOFA-STOLIK-FOTEL-Styl-nowoczesny 240w,https:\/\/a.allegroimg.com\/original\/11483a\/d4a7b36d4e42bbf56d4401236e0d\/ZESTAW-MEBLE-OGRODOWE-NAROZNIK-6OSOB-SOFA-STOLIK-FOTEL-Styl-nowoczesny 480w,https:\/\/a.allegroimg.com\/original\/11483a\/d4a7b36d4e42bbf56d4401236e0d\/ZESTAW-MEBLE-OGRODOWE-NAROZNIK-6OSOB-SOFA-STOLIK-FOTEL-Styl-nowoczesny 682w,https:\/\/a.allegroimg.com\/original\/11483a\/d4a7b36d4e42bbf56d4401236e0d\/ZESTAW-MEBLE-OGRODOWE-NAROZNIK-6OSOB-SOFA-STOLIK-FOTEL-Styl-nowoczesny 852w,https:\/\/a.allegroimg.com\/original\/11483a\/d4a7b36d4e42bbf56d4401236e0d\/ZESTAW-MEBLE-OGRODOWE-NAROZNIK-6OSOB-SOFA-STOLIK-FOTEL-Styl-nowoczesny 852w\" sizes=\"(min-width: 1200px) 560px, (min-width: 992px) 50vw, 100vw\" width=\"852px\" alt=\"ZESTAW MEBLE OGRODOWE NARO\u017bNIK 6OS\u00d3B SOFA STOLIK + FOTEL Styl nowoczesny\" style=\"max-width: 100%; height: auto; display: block; margin: 0 auto;\"><\/div>\n<\/div>\n<\/div>\n<\/div>\n<\/div>\n<div style=\"clear: both; display: block; margin: 10px 0;\">\n<div style=\"clear: both; display: block; margin: 10px 0;\">\n<div  style=\"max-width:1047px;max-height:751px\">\n<div style=\"clear: both; display: block; margin: 10px 0;\">\n<div style=\"clear: both; width: 100%; display: block; margin: 20px 0; padding: 0; float: none; position: static; text-align: center;\"><img decoding=\"async\"  src=\"https:\/\/a.allegroimg.com\/original\/118c37\/0efa9e974ba1b06d05a18df0389e\/ZESTAW-MEBLE-OGRODOWE-NAROZNIK-6OSOB-SOFA-STOLIK-FOTEL-EAN-GTIN-5903981600762\" srcset=\"https:\/\/a.allegroimg.com\/original\/118c37\/0efa9e974ba1b06d05a18df0389e\/ZESTAW-MEBLE-OGRODOWE-NAROZNIK-6OSOB-SOFA-STOLIK-FOTEL-EAN-GTIN-5903981600762 360w,https:\/\/a.allegroimg.com\/original\/118c37\/0efa9e974ba1b06d05a18df0389e\/ZESTAW-MEBLE-OGRODOWE-NAROZNIK-6OSOB-SOFA-STOLIK-FOTEL-EAN-GTIN-5903981600762 720w,https:\/\/a.allegroimg.com\/original\/118c37\/0efa9e974ba1b06d05a18df0389e\/ZESTAW-MEBLE-OGRODOWE-NAROZNIK-6OSOB-SOFA-STOLIK-FOTEL-EAN-GTIN-5903981600762 1024w,https:\/\/a.allegroimg.com\/original\/118c37\/0efa9e974ba1b06d05a18df0389e\/ZESTAW-MEBLE-OGRODOWE-NAROZNIK-6OSOB-SOFA-STOLIK-FOTEL-EAN-GTIN-5903981600762 1047w,https:\/\/a.allegroimg.com\/original\/118c37\/0efa9e974ba1b06d05a18df0389e\/ZESTAW-MEBLE-OGRODOWE-NAROZNIK-6OSOB-SOFA-STOLIK-FOTEL-EAN-GTIN-5903981600762 1047w\" sizes=\"(min-width: 1200px) 560px, (min-width: 992px) 50vw, 100vw\" width=\"1047px\" alt=\"ZESTAW MEBLE OGRODOWE NARO\u017bNIK 6OS\u00d3B SOFA STOLIK + FOTEL EAN (GTIN) 5903981600762\" style=\"max-width: 100%; height: auto; display: block; margin: 0 auto;\"><\/div>\n<\/div>\n<\/div>\n<\/div>\n<\/div>\n<\/div>\n<div style=\"clear: both; display: block; margin: 10px 0;\">\n<div style=\"clear: both; display: block; margin: 10px 0;\">\n<div style=\"clear: both; display: block; margin: 10px 0;\">\n<div  style=\"max-width:1974px;max-height:1476px\">\n<div style=\"clear: both; display: block; margin: 10px 0;\">\n<div style=\"clear: both; width: 100%; display: block; margin: 20px 0; padding: 0; float: none; position: static; text-align: center;\"><img decoding=\"async\"  src=\"https:\/\/a.allegroimg.com\/original\/11df17\/2eef1d024899838fa4db41696665\" srcset=\"https:\/\/a.allegroimg.com\/original\/11df17\/2eef1d024899838fa4db41696665 360w,https:\/\/a.allegroimg.com\/original\/11df17\/2eef1d024899838fa4db41696665 720w,https:\/\/a.allegroimg.com\/original\/11df17\/2eef1d024899838fa4db41696665 1024w,https:\/\/a.allegroimg.com\/original\/11df17\/2eef1d024899838fa4db41696665 1440w,https:\/\/a.allegroimg.com\/original\/11df17\/2eef1d024899838fa4db41696665 1974w\" sizes=\"(min-width: 1200px) 560px, (min-width: 992px) 50vw, 100vw\" width=\"1974px\" alt=\"\" style=\"max-width: 100%; height: auto; display: block; margin: 0 auto;\"><\/div>\n<\/div>\n<\/div>\n<\/div>\n<\/div>\n<div style=\"clear: both; display: block; margin: 10px 0;\">\n<div style=\"clear: both; display: block; margin: 10px 0;\">\n<div  style=\"max-width:1500px;max-height:1086px\">\n<div style=\"clear: both; display: block; margin: 10px 0;\">\n<div style=\"clear: both; width: 100%; display: block; margin: 20px 0; padding: 0; float: none; position: static; text-align: center;\"><img decoding=\"async\"  src=\"https:\/\/a.allegroimg.com\/original\/118109\/de49d59c4d4bb73a61eac9b8e677\" srcset=\"https:\/\/a.allegroimg.com\/original\/118109\/de49d59c4d4bb73a61eac9b8e677 360w,https:\/\/a.allegroimg.com\/original\/118109\/de49d59c4d4bb73a61eac9b8e677 720w,https:\/\/a.allegroimg.com\/original\/118109\/de49d59c4d4bb73a61eac9b8e677 1024w,https:\/\/a.allegroimg.com\/original\/118109\/de49d59c4d4bb73a61eac9b8e677 1440w,https:\/\/a.allegroimg.com\/original\/118109\/de49d59c4d4bb73a61eac9b8e677 1500w\" sizes=\"(min-width: 1200px) 560px, (min-width: 992px) 50vw, 100vw\" width=\"1500px\" alt=\"\" style=\"max-width: 100%; height: auto; display: block; margin: 0 auto;\"><\/div>\n<\/div>\n<\/div>\n<\/div>\n<\/div>\n<\/div>\n<div style=\"clear: both; display: block; margin: 10px 0;\">\n<div style=\"clear: both; display: block; margin: 10px 0;\">\n<div style=\"clear: both; display: block; margin: 10px 0;\">\n<div  style=\"max-width:1536px;max-height:1024px\">\n<div style=\"clear: both; display: block; margin: 10px 0;\">\n<div style=\"clear: both; width: 100%; display: block; margin: 20px 0; padding: 0; float: none; position: static; text-align: center;\"><img decoding=\"async\"  src=\"https:\/\/a.allegroimg.com\/original\/110d4b\/c43cde1048ea87b84c110226a5be\/ZESTAW-MEBLE-OGRODOWE-NAROZNIK-6OSOB-SOFA-STOLIK-FOTEL-Producent-GARDENOVE\" srcset=\"https:\/\/a.allegroimg.com\/original\/110d4b\/c43cde1048ea87b84c110226a5be\/ZESTAW-MEBLE-OGRODOWE-NAROZNIK-6OSOB-SOFA-STOLIK-FOTEL-Producent-GARDENOVE 360w,https:\/\/a.allegroimg.com\/original\/110d4b\/c43cde1048ea87b84c110226a5be\/ZESTAW-MEBLE-OGRODOWE-NAROZNIK-6OSOB-SOFA-STOLIK-FOTEL-Producent-GARDENOVE 720w,https:\/\/a.allegroimg.com\/original\/110d4b\/c43cde1048ea87b84c110226a5be\/ZESTAW-MEBLE-OGRODOWE-NAROZNIK-6OSOB-SOFA-STOLIK-FOTEL-Producent-GARDENOVE 1024w,https:\/\/a.allegroimg.com\/original\/110d4b\/c43cde1048ea87b84c110226a5be\/ZESTAW-MEBLE-OGRODOWE-NAROZNIK-6OSOB-SOFA-STOLIK-FOTEL-Producent-GARDENOVE 1440w,https:\/\/a.allegroimg.com\/original\/110d4b\/c43cde1048ea87b84c110226a5be\/ZESTAW-MEBLE-OGRODOWE-NAROZNIK-6OSOB-SOFA-STOLIK-FOTEL-Producent-GARDENOVE 1536w\" sizes=\"100vw\" width=\"1536px\" alt=\"ZESTAW MEBLE OGRODOWE NARO\u017bNIK 6OS\u00d3B SOFA STOLIK + FOTEL Producent GARDENOVE\" style=\"max-width: 100%; height: auto; display: block; margin: 0 auto;\"><\/div>\n<\/div>\n<\/div>\n<\/div>\n<\/div>\n<\/div>\n<\/div>\n<\/div>\n<\/div>\n<div style=\"clear: both; display: block; margin: 10px 0;\">\n","protected":false},"excerpt":{"rendered":"<p>Zestaw mebli ogrodowych SR100A + fotel<\/p>\n<p>Kolor deseczek&nbsp; &#8211; jasny br\u0105z<\/p>\n<p>Kolor poduszek &#8211; ciemno szary<\/p>\n<p>Konstrukcja zestawu : stalowa<\/p>\n<p>Imitacja drewna &#8211; polywood<\/p>\n<p>Idealnie prezentuje si\u0119 na tarasie &#8211; jak i na trawniku. Stolik z blatem z polywood. &nbsp;W zestawie 3 poduszki na siedziska i 6 poduszek na oparcia. Poduszki na fotel. Poszewki dodatkowo impregnowane. Krople deszczu nie wsi\u0105kaj\u0105. Poszewki zamykane za suwak &#8211; z mo\u017cliwo\u015bci\u0105 prania.<\/p>\n<p>Wymiary:<\/p>\n<p>siedzisko sofa 130x70cm x2szt<\/p>\n","protected":false},"featured_media":16146,"template":"","meta":{"_uag_custom_page_level_css":""},"product_brand":[977],"product_cat":[532,542,541],"product_tag":[],"class_list":{"0":"post-16145","1":"product","2":"type-product","3":"status-publish","4":"has-post-thumbnail","6":"product_brand-gardenove","7":"product_cat-komplety-mebli","8":"product_cat-meble-ogrodowe","9":"product_cat-ogrod","10":"product_shipping_class-transport-na-paletach","12":"first","13":"instock","14":"sale","15":"shipping-taxable","16":"purchasable","17":"product-type-simple"},"uagb_featured_image_src":{"full":["https:\/\/lunzavo.shop\/grill\/wp-content\/uploads\/2026\/04\/allegro-image-16145.jpg",1600,744,false],"thumbnail":["https:\/\/lunzavo.shop\/grill\/wp-content\/uploads\/2026\/04\/allegro-image-16145-150x150.jpg",150,150,true],"medium":["https:\/\/lunzavo.shop\/grill\/wp-content\/uploads\/2026\/04\/allegro-image-16145-300x140.jpg",300,140,true],"medium_large":["https:\/\/lunzavo.shop\/grill\/wp-content\/uploads\/2026\/04\/allegro-image-16145-768x357.jpg",768,357,true],"large":["https:\/\/lunzavo.shop\/grill\/wp-content\/uploads\/2026\/04\/allegro-image-16145-1024x476.jpg",1024,476,true],"1536x1536":["https:\/\/lunzavo.shop\/grill\/wp-content\/uploads\/2026\/04\/allegro-image-16145-1536x714.jpg",1536,714,true],"2048x2048":["https:\/\/lunzavo.shop\/grill\/wp-content\/uploads\/2026\/04\/allegro-image-16145.jpg",1600,744,false],"woocommerce_thumbnail":["https:\/\/lunzavo.shop\/grill\/wp-content\/uploads\/2026\/04\/allegro-image-16145-300x300.jpg",300,300,true],"woocommerce_single":["https:\/\/lunzavo.shop\/grill\/wp-content\/uploads\/2026\/04\/allegro-image-16145-600x279.jpg",600,279,true],"woocommerce_gallery_thumbnail":["https:\/\/lunzavo.shop\/grill\/wp-content\/uploads\/2026\/04\/allegro-image-16145-100x100.jpg",100,100,true]},"uagb_author_info":{"display_name":"admin","author_link":"https:\/\/lunzavo.shop\/grill\/author\/"},"uagb_comment_info":0,"uagb_excerpt":"Zestaw mebli ogrodowych SR100A + fotel Kolor deseczek&nbsp; - jasny br\u0105z Kolor poduszek - ciemno szary Konstrukcja zestawu : stalowa Imitacja drewna - polywood Idealnie prezentuje si\u0119 na tarasie - jak i na trawniku. Stolik z blatem z polywood. &nbsp;W zestawie 3 poduszki na siedziska i 6 poduszek na oparcia. Poduszki na fotel. Poszewki dodatkowo&hellip;","_links":{"self":[{"href":"https:\/\/lunzavo.shop\/grill\/wp-json\/wp\/v2\/product\/16145","targetHints":{"allow":["GET"]}}],"collection":[{"href":"https:\/\/lunzavo.shop\/grill\/wp-json\/wp\/v2\/product"}],"about":[{"href":"https:\/\/lunzavo.shop\/grill\/wp-json\/wp\/v2\/types\/product"}],"wp:featuredmedia":[{"embeddable":true,"href":"https:\/\/lunzavo.shop\/grill\/wp-json\/wp\/v2\/media\/16146"}],"wp:attachment":[{"href":"https:\/\/lunzavo.shop\/grill\/wp-json\/wp\/v2\/media?parent=16145"}],"wp:term":[{"taxonomy":"product_brand","embeddable":true,"href":"https:\/\/lunzavo.shop\/grill\/wp-json\/wp\/v2\/product_brand?post=16145"},{"taxonomy":"product_cat","embeddable":true,"href":"https:\/\/lunzavo.shop\/grill\/wp-json\/wp\/v2\/product_cat?post=16145"},{"taxonomy":"product_tag","embeddable":true,"href":"https:\/\/lunzavo.shop\/grill\/wp-json\/wp\/v2\/product_tag?post=16145"}],"curies":[{"name":"wp","href":"https:\/\/api.w.org\/{rel}","templated":true}]}}